{"id":4187,"date":"2014-11-11T14:15:04","date_gmt":"2014-11-11T22:15:04","guid":{"rendered":"http:\/\/softactivity.wpengine.com\/am-ventajas\/"},"modified":"2024-01-24T10:13:38","modified_gmt":"2024-01-24T18:13:38","slug":"am-ventajas","status":"publish","type":"page","link":"https:\/\/www.softactivity.com\/es\/am-ventajas\/","title":{"rendered":"AM &#8211; Beneficios"},"content":{"rendered":"<h2>Ventajas y casos de uso de SoftActivity Monitor. F\u00e1cil supervisi\u00f3n de usuarios para organizaciones<\/h2>\n<ul class=\"list-level1\">\n<li>Aumente <strong>la productividad<\/strong> del personal al instante.\n<ul class=\"list-level2\">\n<li>Elimine el uso personal de Internet, los correos electr\u00f3nicos no relacionados, la comunicaci\u00f3n por mensajer\u00eda instant\u00e1nea y las redes sociales en el trabajo.<\/li>\n<li>Evite que los empleados vean contenidos inapropiados en el trabajo.<\/li>\n<li>Impida que los empleados pierdan tiempo de trabajo con juegos de ordenador y viendo v\u00eddeos.<\/li>\n<\/ul>\n<\/li>\n<li>Proteja a su empresa de <strong>demandas judiciales<\/strong> y reduzca los riesgos de <strong>responsabilidad civil<\/strong>.\n<ul class=\"list-level2\">\n<li>En la mayor\u00eda de las jurisdicciones, los empresarios tienen alg\u00fan tipo de responsabilidad por las acciones de sus empleados. Debe supervisar las comunicaciones de los empleados.<\/li>\n<li>Los empleados pueden demandar a la empresa por ambiente de trabajo hostil si, por ejemplo, se ven expuestos involuntariamente a material inapropiado u ofensivo en los ordenadores de la empresa o a acoso por correo electr\u00f3nico.<\/li>\n<\/ul>\n<\/li>\n<li>Proteja su empresa de actividades <strong>fraudulentas<\/strong>.\n<ul class=\"list-level2\">\n<li>A menudo, los empleados tienen acceso a informaci\u00f3n personal sensible que puede ser mal utilizada o vendida a terceros.<\/li>\n<li>Prot\u00e9jase contra <strong>las amenazas internas.<\/strong><\/li>\n<\/ul>\n<\/li>\n<li>Protecci\u00f3n frente al <strong>robo de<\/strong> propiedad intelectual y secretos comerciales\n<ul class=\"list-level2\">\n<li>Seg\u00fan un estudio reciente del Instituto de Ingenier\u00eda de Software de la Universidad Carnegie Mellon, el 75% de los IPT los llevan a cabo funcionarios en activo.<\/li>\n<\/ul>\n<\/li>\n<li>Mantenga registros de las comunicaciones electr\u00f3nicas de su empresa\n<ul class=\"list-level2\">\n<li>Para algunas empresas\/organizaciones, la conservaci\u00f3n de registros puede ser un requisito de cumplimiento normativo. Por ejemplo: <strong>HIPAA<\/strong> para el sector sanitario, <strong>FIPPA<\/strong> y <strong>PCI<\/strong> para el sector financiero, protecci\u00f3n de PII (informaci\u00f3n de identificaci\u00f3n personal).<\/li>\n<li>Los registros recopilados pueden utilizarse en una investigaci\u00f3n interna si surge tal necesidad.<\/li>\n<\/ul>\n<\/li>\n<\/ul>\n<p><a class=\"btn btn-primary\" href=\"https:\/\/www.softactivity.com\/case-studies\/\" data-wpel-link=\"internal\">Historias de \u00e9xito de clientes<\/a><\/p>\n<h2>Otras funciones de SoftActivity para supervisar los puestos de trabajo<\/h2>\n<ul>\n<li>Supervisi\u00f3n en tiempo real: se ve al instante cuando los usuarios escriben texto en sus ordenadores y ven su pantalla en directo.<\/li>\n<li>Detecci\u00f3n autom\u00e1tica de todos los ordenadores conectados en red con Agente instalado en la misma subred.<\/li>\n<li>Supervise simult\u00e1neamente los ordenadores de varios empleados desde una \u00fanica estaci\u00f3n de trabajo en LAN ( <a class=\"fancybox\" href=\"https:\/\/www.softactivity.com\/wp-content\/uploads\/am-screenshot-homepage-v12.jpg\" data-wpel-link=\"internal\">Captura de pantalla<\/a>).<\/li>\n<li>La parte del software de monitorizaci\u00f3n del lugar de trabajo, que se ejecuta en los ordenadores monitorizados, es dif\u00edcil de encontrar para un empleado, ya que se ejecuta de forma completamente invisible (No disponible en Demo. S\u00f3lo disponible para empresas y organizaciones para la monitorizaci\u00f3n de ordenadores de trabajo). Los usuarios no pueden ver ni terminar el Agente SoftActivity en el Administrador de Tareas. Tampoco podr\u00e1n ver ni alterar los registros grabados.<\/li>\n<li>Instale, desinstale y actualice el programa Agente de forma remota desde el PC o servidor del administrador.<\/li>\n<li>Descargue autom\u00e1ticamente los registros grabados de todos los ordenadores y almac\u00e9nelos en una base de datos central en el servidor de la empresa.<\/li>\n<li>Actualizaci\u00f3n autom\u00e1tica de Agentes en todos los ordenadores remotos desde la consola de supervisi\u00f3n del administrador. No es necesario reinstalar el cliente en todos los ordenadores cuando se publique una nueva versi\u00f3n.<\/li>\n<li>El modo visible en Client App le permite notificar a los empleados sobre la supervisi\u00f3n de sus acciones. Mostrar\u00e1 una notificaci\u00f3n a los usuarios cuando inicien sesi\u00f3n en Windows, para que recuerden que su actividad est\u00e1 siendo registrada, mostrar\u00e1 un mensaje de advertencia personalizable sobre su pol\u00edtica de uso del ordenador, mostrar\u00e1 un icono en la bandeja del sistema.<\/li>\n<li>El <a href=\"https:\/\/www.softactivity.com\/internet-monitoring-software\/\" data-wpel-link=\"internal\">software de supervisi\u00f3n de Internet<\/a> SoftActivity es f\u00e1cil de instalar y utilizar.<\/li>\n<\/ul>\n<p><a class=\"btn btn-primary\" href=\"https:\/\/www.softactivity.com\/es\/activity-monitor\/\" data-wpel-link=\"internal\">M\u00e1s funciones<\/a><\/p>\n","protected":false},"excerpt":{"rendered":"<p>Ventajas y casos de uso de SoftActivity Monitor. F\u00e1cil supervisi\u00f3n de usuarios para organizaciones Aumente la..<\/p>\n","protected":false},"author":8,"featured_media":0,"parent":0,"menu_order":0,"comment_status":"open","ping_status":"closed","template":"product-other-subpage.php","meta":{"_acf_changed":false,"inline_featured_image":false,"_import_markdown_pro_load_document_selector":0,"_import_markdown_pro_submit_text_textarea":"","footnotes":""},"class_list":["post-4187","page","type-page","status-publish"],"acf":[],"aioseo_notices":[],"_links":{"self":[{"href":"https:\/\/www.softactivity.com\/es\/wp-json\/wp\/v2\/pages\/4187","targetHints":{"allow":["GET"]}}],"collection":[{"href":"https:\/\/www.softactivity.com\/es\/wp-json\/wp\/v2\/pages"}],"about":[{"href":"https:\/\/www.softactivity.com\/es\/wp-json\/wp\/v2\/types\/page"}],"author":[{"embeddable":true,"href":"https:\/\/www.softactivity.com\/es\/wp-json\/wp\/v2\/users\/8"}],"replies":[{"embeddable":true,"href":"https:\/\/www.softactivity.com\/es\/wp-json\/wp\/v2\/comments?post=4187"}],"version-history":[{"count":0,"href":"https:\/\/www.softactivity.com\/es\/wp-json\/wp\/v2\/pages\/4187\/revisions"}],"wp:attachment":[{"href":"https:\/\/www.softactivity.com\/es\/wp-json\/wp\/v2\/media?parent=4187"}],"curies":[{"name":"wp","href":"https:\/\/api.w.org\/{rel}","templated":true}]}}